{"id":57,"date":"2024-07-15T03:44:17","date_gmt":"2024-07-15T03:44:17","guid":{"rendered":"http:\/\/source.wpopal.com\/industras\/?page_id=57"},"modified":"2025-07-04T05:30:10","modified_gmt":"2025-07-04T05:30:10","slug":"nosotros","status":"publish","type":"page","link":"https:\/\/plasticosargia.com\/es\/nosotros\/","title":{"rendered":"Nosotros"},"content":{"rendered":"<div data-elementor-type=\"wp-page\" data-elementor-id=\"57\" class=\"elementor elementor-57\">\n\t\t\t\t<div class=\"elementor-element elementor-element-e48cc83 e-con-full e-flex e-con e-parent\" data-id=\"e48cc83\" data-element_type=\"container\">\n\t\t \t\t<div class=\"elementor-element elementor-element-e933ec9 elementor-widget elementor-widget-portfolio-text-scrolling\" data-id=\"e933ec9\" data-element_type=\"widget\" data-widget_type=\"portfolio-text-scrolling.default\">\n\t\t\t\t<div class=\"elementor-widget-container\">\n\t\t\t\t\t            <div class=\"elementor-scrolling\">\n                <div class=\"elementor-scrolling-wrapper\">\n                                            <div class=\"elementor-scrolling-inner\">\n                                                            <div class=\"elementor-scrolling-item\">\n                                    <div class=\"elementor-scrolling-item-inner\">\n                                                                                                                        <div class=\"scrolling-title elementor-repeater-item-0c29da7\">\n                                                <a href=\"#\"  title=\"Plasticos Argia\">                                                Plasticos Argia                                                <\/a>                                            <\/div>\n                                                                            <\/div>\n                                <\/div>\n                                                    <\/div>\n                                                <div class=\"elementor-scrolling-inner\">\n                                                            <div class=\"elementor-scrolling-item\">\n                                    <div class=\"elementor-scrolling-item-inner\">\n                                                                                                                        <div class=\"scrolling-title elementor-repeater-item-0c29da7\">\n                                                <a href=\"#\"  title=\"Plasticos Argia\">                                                Plasticos Argia                                                <\/a>                                            <\/div>\n                                                                            <\/div>\n                                <\/div>\n                                                    <\/div>\n                                                <div class=\"elementor-scrolling-inner\">\n                                                            <div class=\"elementor-scrolling-item\">\n                                    <div class=\"elementor-scrolling-item-inner\">\n                                                                                                                        <div class=\"scrolling-title elementor-repeater-item-0c29da7\">\n                                                <a href=\"#\"  title=\"Plasticos Argia\">                                                Plasticos Argia                                                <\/a>                                            <\/div>\n                                                                            <\/div>\n                                <\/div>\n                                                    <\/div>\n                                                <div class=\"elementor-scrolling-inner\">\n                                                            <div class=\"elementor-scrolling-item\">\n                                    <div class=\"elementor-scrolling-item-inner\">\n                                                                                                                        <div class=\"scrolling-title elementor-repeater-item-0c29da7\">\n                                                <a href=\"#\"  title=\"Plasticos Argia\">                                                Plasticos Argia                                                <\/a>                                            <\/div>\n                                                                            <\/div>\n                                <\/div>\n                                                    <\/div>\n                                        <\/div>\n            <\/div>\n            \t\t\t\t<\/div>\n\t\t\t\t<\/div>\n\t\t\t\t<\/div>\n\t\t<div class=\"elementor-element elementor-element-631dc8e e-con-full e-flex e-con e-parent\" data-id=\"631dc8e\" data-element_type=\"container\" data-settings=\"{&quot;background_background&quot;:&quot;classic&quot;}\">\n\t\t<div class=\"elementor-element elementor-element-7b52601 e-con-full elementor-hidden-mobile e-flex e-con e-child\" data-id=\"7b52601\" data-element_type=\"container\">\n\t\t\t\t<div class=\"elementor-element elementor-element-198f41e elementor-widget__width-auto elementor-widget elementor-widget-image\" data-id=\"198f41e\" data-element_type=\"widget\" data-widget_type=\"image.default\">\n\t\t\t\t\t\t\t\t\t\t\t\t\t\t\t<img fetchpriority=\"high\" decoding=\"async\" width=\"727\" height=\"784\" src=\"https:\/\/plasticosargia.com\/wp-content\/uploads\/2025\/07\/Screenshot_23.jpg\" class=\"attachment-full size-full wp-image-7949\" alt=\"\" srcset=\"https:\/\/plasticosargia.com\/wp-content\/uploads\/2025\/07\/Screenshot_23.jpg 727w, https:\/\/plasticosargia.com\/wp-content\/uploads\/2025\/07\/Screenshot_23-278x300.jpg 278w, https:\/\/plasticosargia.com\/wp-content\/uploads\/2025\/07\/Screenshot_23-464x500.jpg 464w\" sizes=\"(max-width: 727px) 100vw, 727px\" \/>\t\t\t\t\t\t\t\t\t\t\t\t\t\t\t<\/div>\n\t\t\t\t<\/div>\n\t\t<div class=\"elementor-element elementor-element-62ec26d e-con-full e-flex e-con e-child\" data-id=\"62ec26d\" data-element_type=\"container\">\n\t\t<div class=\"elementor-element elementor-element-76046f9 e-con-full e-flex e-con e-child\" data-id=\"76046f9\" data-element_type=\"container\">\n\t\t\t\t<div class=\"elementor-element elementor-element-fadb064 elementor-view-default elementor-widget elementor-widget-icon\" data-id=\"fadb064\" data-element_type=\"widget\" data-widget_type=\"icon.default\">\n\t\t\t\t\t\t\t<div class=\"elementor-icon-wrapper\">\n\t\t\t<div class=\"elementor-icon\">\n\t\t\t<i aria-hidden=\"true\" class=\"industras-icon- industras-icon-circle-o\"><\/i>\t\t\t<\/div>\n\t\t<\/div>\n\t\t\t\t\t\t<\/div>\n\t\t\t\t<div class=\"elementor-element elementor-element-e6d6c04 elementor-widget elementor-widget-text-editor\" data-id=\"e6d6c04\" data-element_type=\"widget\" data-widget_type=\"text-editor.default\">\n\t\t\t\t\t\t\t\t\t<p>NOSOTROS \/ QUI\u00c9NES SOMOS<\/p>\t\t\t\t\t\t\t\t<\/div>\n\t\t\t\t<\/div>\n\t\t<div class=\"elementor-element elementor-element-57d7b97 e-con-full e-flex e-con e-child\" data-id=\"57d7b97\" data-element_type=\"container\">\n\t\t\t\t<div class=\"elementor-element elementor-element-0c6a71d elementor-widget__width-initial elementor-widget elementor-widget-heading\" data-id=\"0c6a71d\" data-element_type=\"widget\" data-widget_type=\"heading.default\">\n\t\t\t\t\t<h2 class=\"elementor-heading-title elementor-size-default\">Plasticos Argia CA Trayectoria y Compromiso<\/h2>\t\t\t\t<\/div>\n\t\t\t\t<\/div>\n\t\t<div class=\"elementor-element elementor-element-e6da156 e-con-full e-flex e-con e-child\" data-id=\"e6da156\" data-element_type=\"container\">\n\t\t<div class=\"elementor-element elementor-element-cacb15d e-con-full e-flex e-con e-child\" data-id=\"cacb15d\" data-element_type=\"container\">\n\t\t\t\t<div class=\"elementor-element elementor-element-1c08f74 elementor-widget__width-initial elementor-widget elementor-widget-text-editor\" data-id=\"1c08f74\" data-element_type=\"widget\" data-widget_type=\"text-editor.default\">\n\t\t\t\t\t\t\t\t\t<p>M\u00e1s de dies a\u00f1os transformando el pl\u00e1stico en Envases confiables para Venezuela<\/p>\t\t\t\t\t\t\t\t<\/div>\n\t\t\t\t<div class=\"elementor-element elementor-element-76f52a1 elementor-widget__width-initial elementor-widget elementor-widget-text-editor\" data-id=\"76f52a1\" data-element_type=\"widget\" data-widget_type=\"text-editor.default\">\n\t\t\t\t\t\t\t\t\t<p><b>Compromiso con el Medio Ambiente:<\/b> En Pl\u00e1sticos Argia C.A., comprendemos la importancia de la sostenibilidad. Por ello, estamos firmemente comprometidos con el cuidado del medio ambiente. Nuestra producci\u00f3n de envases pl\u00e1sticos se realiza con <b>procesos responsables y, cuando es posible, utilizando materiales reciclables<\/b>, contribuyendo activamente a la reducci\u00f3n del impacto ambiental.&#8221;<\/p><p><b>Nuestra Misi\u00f3n:<\/b> &#8220;Ofrecer soluciones integrales en empaques pl\u00e1sticos de la m\u00e1s alta calidad, dise\u00f1ados a medida para las necesidades de nuestros clientes, garantizando su satisfacci\u00f3n total y el \u00e9xito de sus productos.&#8221;<\/p><p><b>Nuestra Visi\u00f3n:<\/b> &#8220;Ser l\u00edderes referentes en la industria del empaque en Venezuela, innovando constantemente y marcando la diferencia a trav\u00e9s de la excelencia en nuestros procesos y un firme compromiso con el desarrollo sostenible.<\/p><p><b>Nuestros Valores:<\/b><\/p><ul><li><p><b>Integridad:<\/b> Actuamos con transparencia y \u00e9tica en todas nuestras operaciones.<\/p><\/li><li><p><b>Excelencia en el Servicio:<\/b> Superamos las expectativas de nuestros clientes con atenci\u00f3n personalizada y soluciones efectivas.<\/p><\/li><li><p><b>Responsabilidad:<\/b> Asumimos nuestro impacto en el medio ambiente y en la comunidad<\/p><\/li><\/ul>\t\t\t\t\t\t\t\t<\/div>\n\t\t\t\t<div class=\"elementor-element elementor-element-b3edda2 elementor-button-link elementor-mobile-align-center elementor-widget elementor-widget-button\" data-id=\"b3edda2\" data-element_type=\"widget\" data-widget_type=\"button.default\">\n\t\t\t\t\t\t\t\t\t\t<a class=\"elementor-button elementor-button-link elementor-size-sm\" href=\"https:\/\/plasticosargia.com\/es\/contacto\/\">\n\t\t\t\t\t\t<span class=\"elementor-button-content-wrapper\">\n\t\t\t\t\t\t<span class=\"elementor-button-icon\">\n\t\t\t\t<i aria-hidden=\"true\" class=\"industras-icon- industras-icon-acc1\"><\/i>\t\t\t<\/span>\n\t\t\t\t\t\t\t\t\t<span class=\"elementor-button-text\">Cotiza ya<\/span>\n\t\t\t\t\t<\/span>\n\t\t\t\t\t<\/a>\n\t\t\t\t\t\t\t\t<\/div>\n\t\t\t\t<\/div>\n\t\t\t\t<\/div>\n\t\t\t\t<\/div>\n\t\t\t\t<\/div>\n\t\t<div class=\"elementor-element elementor-element-6b94b47 e-flex e-con-boxed e-con e-parent\" data-id=\"6b94b47\" data-element_type=\"container\">\n\t\t\t\t\t<div class=\"e-con-inner\">\n\t\t<div class=\"elementor-element elementor-element-a409e02 e-con-full e-flex e-con e-child\" data-id=\"a409e02\" data-element_type=\"container\">\n\t\t<div class=\"elementor-element elementor-element-f1b2d07 e-con-full e-flex e-con e-child\" data-id=\"f1b2d07\" data-element_type=\"container\">\n\t\t\t\t<div class=\"elementor-element elementor-element-2fcf54f elementor-view-default elementor-widget elementor-widget-icon\" data-id=\"2fcf54f\" data-element_type=\"widget\" data-widget_type=\"icon.default\">\n\t\t\t\t\t\t\t<div class=\"elementor-icon-wrapper\">\n\t\t\t<div class=\"elementor-icon\">\n\t\t\t<i aria-hidden=\"true\" class=\"industras-icon- industras-icon-circle-o\"><\/i>\t\t\t<\/div>\n\t\t<\/div>\n\t\t\t\t\t\t<\/div>\n\t\t\t\t<div class=\"elementor-element elementor-element-3f8e43c elementor-widget elementor-widget-text-editor\" data-id=\"3f8e43c\" data-element_type=\"widget\" data-widget_type=\"text-editor.default\">\n\t\t\t\t\t\t\t\t\t<p>Trabajo en Equipo<\/p>\t\t\t\t\t\t\t\t<\/div>\n\t\t\t\t<\/div>\n\t\t\t\t<div class=\"elementor-element elementor-element-b426774 elementor-widget__width-initial elementor-widget elementor-widget-heading\" data-id=\"b426774\" data-element_type=\"widget\" data-widget_type=\"heading.default\">\n\t\t\t\t\t<h2 class=\"elementor-heading-title elementor-size-default\">Innovaci\u00f3n en los procesos \n<\/h2>\t\t\t\t<\/div>\n\t\t\t\t<\/div>\n\t\t<div class=\"elementor-element elementor-element-a613067 e-con-full e-flex e-con e-child\" data-id=\"a613067\" data-element_type=\"container\">\n\t\t\t\t<div class=\"elementor-element elementor-element-a32a0fd elementor-widget__width-initial elementor-widget elementor-widget-text-editor\" data-id=\"a32a0fd\" data-element_type=\"widget\" data-widget_type=\"text-editor.default\">\n\t\t\t\t\t\t\t\t\t<p>Buscamos constantemente mejorar nuestros procesos y productos.<\/p>\t\t\t\t\t\t\t\t<\/div>\n\t\t\t\t<\/div>\n\t\t\t\t\t<\/div>\n\t\t\t\t<\/div>\n\t\t<div class=\"elementor-element elementor-element-4bafd52 e-con-full e-flex e-con e-parent\" data-id=\"4bafd52\" data-element_type=\"container\">\n\t\t\t\t<div class=\"elementor-element elementor-element-eb84032 elementor-widget elementor-widget-image\" data-id=\"eb84032\" data-element_type=\"widget\" data-widget_type=\"image.default\">\n\t\t\t\t\t\t\t\t\t\t\t\t\t\t\t<img decoding=\"async\" width=\"980\" height=\"490\" src=\"https:\/\/plasticosargia.com\/wp-content\/uploads\/2025\/07\/Idea-1024x512.png\" class=\"attachment-large size-large wp-image-8009\" alt=\"\" srcset=\"https:\/\/plasticosargia.com\/wp-content\/uploads\/2025\/07\/Idea-1024x512.png 1024w, https:\/\/plasticosargia.com\/wp-content\/uploads\/2025\/07\/Idea-300x150.png 300w, https:\/\/plasticosargia.com\/wp-content\/uploads\/2025\/07\/Idea-768x384.png 768w, https:\/\/plasticosargia.com\/wp-content\/uploads\/2025\/07\/Idea-1536x768.png 1536w, https:\/\/plasticosargia.com\/wp-content\/uploads\/2025\/07\/Idea-770x385.png 770w, https:\/\/plasticosargia.com\/wp-content\/uploads\/2025\/07\/Idea-1000x500.png 1000w, https:\/\/plasticosargia.com\/wp-content\/uploads\/2025\/07\/Idea.png 1600w\" sizes=\"(max-width: 980px) 100vw, 980px\" \/>\t\t\t\t\t\t\t\t\t\t\t\t\t\t\t<\/div>\n\t\t\t\t<\/div>\n\t\t\t\t<\/div>","protected":false},"excerpt":{"rendered":"<p>Plasticos Argia Plasticos Argia Plasticos Argia Plasticos Argia NOSOTROS \/ QUI\u00c9NES SOMOS Plasticos Argia CA Trayectoria y Compromiso M\u00e1s de dies a\u00f1os transformando el pl\u00e1stico en Envases confiables para Venezuela Compromiso con el Medio Ambiente: En Pl\u00e1sticos Argia C.A., comprendemos la importancia de la sostenibilidad. Por ello, estamos firmemente comprometidos con el cuidado del medio [&hellip;]<\/p>","protected":false},"author":1,"featured_media":0,"parent":0,"menu_order":0,"comment_status":"closed","ping_status":"closed","template":"","meta":{"inline_featured_image":false,"footnotes":""},"class_list":["post-57","page","type-page","status-publish","hentry"],"_links":{"self":[{"href":"https:\/\/plasticosargia.com\/es\/wp-json\/wp\/v2\/pages\/57","targetHints":{"allow":["GET"]}}],"collection":[{"href":"https:\/\/plasticosargia.com\/es\/wp-json\/wp\/v2\/pages"}],"about":[{"href":"https:\/\/plasticosargia.com\/es\/wp-json\/wp\/v2\/types\/page"}],"author":[{"embeddable":true,"href":"https:\/\/plasticosargia.com\/es\/wp-json\/wp\/v2\/users\/1"}],"replies":[{"embeddable":true,"href":"https:\/\/plasticosargia.com\/es\/wp-json\/wp\/v2\/comments?post=57"}],"version-history":[{"count":34,"href":"https:\/\/plasticosargia.com\/es\/wp-json\/wp\/v2\/pages\/57\/revisions"}],"predecessor-version":[{"id":8017,"href":"https:\/\/plasticosargia.com\/es\/wp-json\/wp\/v2\/pages\/57\/revisions\/8017"}],"wp:attachment":[{"href":"https:\/\/plasticosargia.com\/es\/wp-json\/wp\/v2\/media?parent=57"}],"curies":[{"name":"wp","href":"https:\/\/api.w.org\/{rel}","templated":true}]}}